{"id":547,"date":"2020-10-28T11:35:18","date_gmt":"2020-10-28T10:35:18","guid":{"rendered":"http:\/\/lesbullesdelabaie.com\/belvedaire\/?page_id=547"},"modified":"2026-02-01T17:30:10","modified_gmt":"2026-02-01T16:30:10","slug":"accueil-le-belvedaire","status":"publish","type":"page","link":"https:\/\/lesbullesdelabaie.com\/belvedere\/","title":{"rendered":"Accueil &#8211; Le Belv\u00e9d\u00e8re"},"content":{"rendered":"\n<p class=\"has-text-align-center has-large-font-size\"><strong>Bienvenue sur le site du g\u00eete<\/strong><\/p>\n\n\n\n<p class=\"has-text-align-center has-large-font-size\"><strong> \u00ab\u00a0Le Belv\u00e9d\u00e8re\u00a0\u00bb<\/strong><\/p>\n\n\n\n<p class=\"has-text-align-center has-medium-font-size\"><strong>Gite avec vue sur le Mont-Saint-Michel<\/strong> <\/p>\n\n\n\n<p class=\"has-text-align-center\">Situ\u00e9 \u00e0 Roz-Sur-Couesnon<\/p>\n\n\n\n<p class=\"has-text-align-center has-vivid-red-color has-text-color has-medium-font-size\"><strong>Gite 2 \u00e0 6 Personnes, 2 chambres<\/strong><\/p>\n\n\n\nngg_shortcode_0_placeholder\n\n\n\n<h2 class=\"wp-block-heading\"><a href=\"http:\/\/lesbullesdelabaie.com\/aux-alentours\/\" target=\"_blank\" rel=\"noreferrer noopener\">Accueil :<\/a><\/h2>\n\n\n\n<p>Le g\u00eete <strong>\u00ab Le Belv\u00e9d\u00e8re \u00bb<\/strong> est situ\u00e9 en Bretagne, \u00e0 Roz-sur-Couesnon, \u00e0 seulement <strong>10 minutes du Mont-Saint-Michel<\/strong>. Sa situation id\u00e9ale vous permet de d\u00e9couvrir facilement les incontournables de la r\u00e9gion : <strong>Saint-Malo, Dinan, Dinard, Cancale<\/strong> et toute la c\u00f4te d\u2019\u00c9meraude.<\/p>\n\n\n\n<p>V\u00e9ritable invitation \u00e0 la d\u00e9tente, <strong>Le Belv\u00e9d\u00e8re<\/strong> est l\u2019endroit parfait pour se ressourcer et prendre le temps. Son <strong>toit-terrasse<\/strong> offre une <strong>vue imprenable sur le Mont-Saint-Michel<\/strong>, un cadre unique pour admirer les paysages de la baie et profiter pleinement de votre s\u00e9jour.<\/p>\n\n\n\n<p>Le g\u00eete dispose de <strong>deux chambres<\/strong> et peut accueillir <strong>jusqu\u2019\u00e0 6 personnes<\/strong>, que ce soit pour un s\u00e9jour en famille, entre amis ou une escapade au calme.<\/p>\n\n\n<div class=\"wp-block-image\">\n<figure class=\"aligncenter size-large\"><img loading=\"lazy\" decoding=\"async\" width=\"1024\" height=\"461\" src=\"http:\/\/lesbullesdelabaie.com\/belvedere\/wp-content\/uploads\/sites\/4\/2022\/04\/IMG-20220418-WA0047-1024x461.jpg\" alt=\"\" class=\"wp-image-817\" srcset=\"https:\/\/lesbullesdelabaie.com\/belvedere\/wp-content\/uploads\/sites\/4\/2022\/04\/IMG-20220418-WA0047-1024x461.jpg 1024w, https:\/\/lesbullesdelabaie.com\/belvedere\/wp-content\/uploads\/sites\/4\/2022\/04\/IMG-20220418-WA0047-300x135.jpg 300w, https:\/\/lesbullesdelabaie.com\/belvedere\/wp-content\/uploads\/sites\/4\/2022\/04\/IMG-20220418-WA0047-768x345.jpg 768w, https:\/\/lesbullesdelabaie.com\/belvedere\/wp-content\/uploads\/sites\/4\/2022\/04\/IMG-20220418-WA0047-1536x691.jpg 1536w, https:\/\/lesbullesdelabaie.com\/belvedere\/wp-content\/uploads\/sites\/4\/2022\/04\/IMG-20220418-WA0047-1020x459.jpg 1020w, https:\/\/lesbullesdelabaie.com\/belvedere\/wp-content\/uploads\/sites\/4\/2022\/04\/IMG-20220418-WA0047.jpg 2048w\" sizes=\"auto, (max-width: 1024px) 100vw, 1024px\" \/><\/figure>\n<\/div>\n\n\n<p class=\"has-text-align-center\">Le g\u00eete est rapide d\u2019<a aria-label=\"acc\u00e8s (s\u2019ouvre dans un nouvel onglet)\" href=\"http:\/\/lesbullesdelabaie.com\/contact\/\" target=\"_blank\" rel=\"noreferrer noopener\">acc\u00e8s<\/a>&nbsp;: 45 min de Rennes ; 1h de St Brieuc ; 2h30 de Paris 2h de Nantes ; 1h30 de Caen<\/p>\n\n\n\n<p class=\"has-text-align-center\"><\/p>\n","protected":false},"excerpt":{"rendered":"<p>Bienvenue sur le site du g\u00eete \u00ab\u00a0Le Belv\u00e9d\u00e8re\u00a0\u00bb Gite avec vue sur le Mont-Saint-Michel Situ\u00e9 \u00e0 Roz-Sur-Couesnon Gite 2 \u00e0 6 Personnes, 2 chambres Accueil : Le g\u00eete \u00ab Le Belv\u00e9d\u00e8re \u00bb est situ\u00e9 en Bretagne, \u00e0 Roz-sur-Couesnon, \u00e0 seulement 10 minutes du Mont-Saint-Michel. Sa situation id\u00e9ale vous permet de d\u00e9couvrir facilement les incontournables de [&hellip;]<\/p>\n","protected":false},"author":1,"featured_media":0,"parent":0,"menu_order":0,"comment_status":"closed","ping_status":"closed","template":"","meta":{"ngg_post_thumbnail":0,"footnotes":""},"class_list":["post-547","page","type-page","status-publish","hentry"],"_links":{"self":[{"href":"https:\/\/lesbullesdelabaie.com\/belvedere\/wp-json\/wp\/v2\/pages\/547","targetHints":{"allow":["GET"]}}],"collection":[{"href":"https:\/\/lesbullesdelabaie.com\/belvedere\/wp-json\/wp\/v2\/pages"}],"about":[{"href":"https:\/\/lesbullesdelabaie.com\/belvedere\/wp-json\/wp\/v2\/types\/page"}],"author":[{"embeddable":true,"href":"https:\/\/lesbullesdelabaie.com\/belvedere\/wp-json\/wp\/v2\/users\/1"}],"replies":[{"embeddable":true,"href":"https:\/\/lesbullesdelabaie.com\/belvedere\/wp-json\/wp\/v2\/comments?post=547"}],"version-history":[{"count":13,"href":"https:\/\/lesbullesdelabaie.com\/belvedere\/wp-json\/wp\/v2\/pages\/547\/revisions"}],"predecessor-version":[{"id":865,"href":"https:\/\/lesbullesdelabaie.com\/belvedere\/wp-json\/wp\/v2\/pages\/547\/revisions\/865"}],"wp:attachment":[{"href":"https:\/\/lesbullesdelabaie.com\/belvedere\/wp-json\/wp\/v2\/media?parent=547"}],"curies":[{"name":"wp","href":"https:\/\/api.w.org\/{rel}","templated":true}]}}