{"id":552,"date":"2020-10-28T12:01:09","date_gmt":"2020-10-28T11:01:09","guid":{"rendered":"http:\/\/lesbullesdelabaie.com\/belvedaire\/?page_id=552"},"modified":"2026-02-01T18:19:14","modified_gmt":"2026-02-01T17:19:14","slug":"tarifs-et-disponibilites-lebelvedaire","status":"publish","type":"page","link":"https:\/\/lesbullesdelabaie.com\/belvedere\/tarifs-et-disponibilites-lebelvedaire\/","title":{"rendered":"Tarifs &#8211; Le Belv\u00e9d\u00e8re"},"content":{"rendered":"\n<p>Prix pour 2 personnes:<\/p>\n\n\n\n<figure class=\"wp-block-table\"><table><tbody><tr><td class=\"has-text-align-center\" data-align=\"center\"><strong><u><span style=\"text-decoration: underline;\">Tarif nuit\u00e9e en semaine (2 nuits minimum)<\/span><\/u><\/strong><\/td><td class=\"has-text-align-center\" data-align=\"center\">80 \u20ac la nuit\u00e9e<\/td><\/tr><tr><td class=\"has-text-align-center\" data-align=\"center\"><strong><span style=\"text-decoration: underline;\">Tarif nuit\u00e9e le week-end (2 nuits minimum)<\/span><\/strong><\/td><td class=\"has-text-align-center\" data-align=\"center\">85\u20ac la nuit\u00e9e<\/td><\/tr><tr><td class=\"has-text-align-center\" data-align=\"center\"><strong style=\"font-weight: bold; text-decoration-line: underline;\">Tarif<\/strong> <strong><span style=\"text-decoration: underline;\">h<\/span><u>aute saison<\/u><\/strong> <em><strong>(Juillet- Aout)<\/strong><\/em><br><strong><strong>(7 nuits minimum)<\/strong><\/strong><\/td><td class=\"has-text-align-center\" data-align=\"center\">90\u20ac la nuit\u00e9e<\/td><\/tr><\/tbody><\/table><\/figure>\n\n\n\n<p>Les taxes de s\u00e9jours sont \u00e0 ajouter par nuit et par personne: 0,88 \u20ac<\/p>\n\n\n\n<p><strong><u>Options<\/u><\/strong><\/p>\n\n\n\n<ul class=\"wp-block-list\">\n<li>Forfait m\u00e9nage\u00a0: 40 \u20ac<\/li>\n\n\n\n<li>Personnes suppl\u00e9mentaires : 10 \u20ac<\/li>\n<\/ul>\n\n\n\n<p><strong><u>R\u00e9servation<\/u><\/strong><\/p>\n\n\n\n<p>La r\u00e9servation se fait soit par t\u00e9l\u00e9phone au&nbsp;<strong>06.49.80.18.57<\/strong>&nbsp;soit par mail \u00e0 l\u2019adresse suivante&nbsp;:&nbsp;<a href=\"mailto:contact@lesbullesdemeraude.com\">lesbullesdelabaie@gmail.com<\/a><\/p>\n\n\n\n<p>B\u00e9atrice se fera un plaisir de vous r\u00e9pondre.<\/p>\n\n\n\n<p><strong><u>Moyens de paiement<\/u><\/strong><\/p>\n\n\n\n<ul class=\"wp-block-list\">\n<li>Par ch\u00e8que \u00e0 l\u2019ordre de Mr et Mme Deslande<\/li>\n\n\n\n<li>En esp\u00e8ces<\/li>\n\n\n\n<li>Par virement (ce dernier doit \u00eatre effectu\u00e9 au moins 4 jours avant l\u2019arriv\u00e9e)<\/li>\n\n\n\n<li>CB non accept\u00e9e<\/li>\n\n\n\n<li><strong>Acompte de 30% lors de la r\u00e9servation<\/strong>, le solde sur place. (4 jours avant pour les virements).<\/li>\n\n\n\n<li><strong>Caution de 500 \u20ac non encaiss\u00e9<\/strong>, au prorata si d\u00e9gradations.<\/li>\n<\/ul>\n\n\n\n<p><strong><u>Modalit\u00e9s d\u2019annulation<\/u><\/strong><\/p>\n\n\n\n<p>Les r\u00e9servations annul\u00e9es au moins 30 jours avant le d\u00e9but du s\u00e9jour pourront \u00eatre rembours\u00e9es \u00e0 hauteur de 100%.<br><br>Les r\u00e9servations annul\u00e9es au moins 15 jours avant le d\u00e9but du s\u00e9jour pourront \u00eatre rembours\u00e9es \u00e0 hauteur de 50%.<br><br>Les r\u00e9servations annul\u00e9es 7 jours avant le d\u00e9but du s\u00e9jour ne seront pas<br>remboursables.<\/p>\n","protected":false},"excerpt":{"rendered":"<p>Prix pour 2 personnes: Tarif nuit\u00e9e en semaine (2 nuits minimum) 80 \u20ac la nuit\u00e9e Tarif nuit\u00e9e le week-end (2 nuits minimum) 85\u20ac la nuit\u00e9e Tarif haute saison (Juillet- Aout)(7 nuits minimum) 90\u20ac la nuit\u00e9e Les taxes de s\u00e9jours sont \u00e0 ajouter par nuit et par personne: 0,88 \u20ac Options R\u00e9servation La r\u00e9servation se fait [&hellip;]<\/p>\n","protected":false},"author":1,"featured_media":0,"parent":0,"menu_order":0,"comment_status":"closed","ping_status":"closed","template":"","meta":{"ngg_post_thumbnail":0,"footnotes":""},"class_list":["post-552","page","type-page","status-publish","hentry"],"_links":{"self":[{"href":"https:\/\/lesbullesdelabaie.com\/belvedere\/wp-json\/wp\/v2\/pages\/552","targetHints":{"allow":["GET"]}}],"collection":[{"href":"https:\/\/lesbullesdelabaie.com\/belvedere\/wp-json\/wp\/v2\/pages"}],"about":[{"href":"https:\/\/lesbullesdelabaie.com\/belvedere\/wp-json\/wp\/v2\/types\/page"}],"author":[{"embeddable":true,"href":"https:\/\/lesbullesdelabaie.com\/belvedere\/wp-json\/wp\/v2\/users\/1"}],"replies":[{"embeddable":true,"href":"https:\/\/lesbullesdelabaie.com\/belvedere\/wp-json\/wp\/v2\/comments?post=552"}],"version-history":[{"count":13,"href":"https:\/\/lesbullesdelabaie.com\/belvedere\/wp-json\/wp\/v2\/pages\/552\/revisions"}],"predecessor-version":[{"id":870,"href":"https:\/\/lesbullesdelabaie.com\/belvedere\/wp-json\/wp\/v2\/pages\/552\/revisions\/870"}],"wp:attachment":[{"href":"https:\/\/lesbullesdelabaie.com\/belvedere\/wp-json\/wp\/v2\/media?parent=552"}],"curies":[{"name":"wp","href":"https:\/\/api.w.org\/{rel}","templated":true}]}}