{"id":481,"date":"2020-10-28T09:33:06","date_gmt":"2020-10-28T08:33:06","guid":{"rendered":"http:\/\/lesbullesdelabaie.com\/bullesdumont\/?page_id=481"},"modified":"2026-02-01T17:42:44","modified_gmt":"2026-02-01T16:42:44","slug":"aux-alentours","status":"publish","type":"page","link":"https:\/\/lesbullesdelabaie.com\/bullesdumont\/aux-alentours\/","title":{"rendered":"Aux alentours"},"content":{"rendered":"\n<p>&nbsp;&nbsp;&nbsp;&nbsp;&nbsp;&nbsp;&nbsp;&nbsp;<strong>&#x1f30a; Un emplacement id\u00e9al au c\u0153ur de la baie du Mont-Saint-Michel<\/strong><\/p>\n\n\n\n<p>Situ\u00e9 \u00e0 seulement <strong>10 km du Mont-Saint-Michel<\/strong>, le g\u00eete <strong>Le Saint-Revert<\/strong> b\u00e9n\u00e9ficie d\u2019un emplacement privil\u00e9gi\u00e9 pour d\u00e9couvrir les tr\u00e9sors de la r\u00e9gion.<br>Le Mont est accessible <strong>\u00e0 pied ou \u00e0 v\u00e9lo<\/strong> gr\u00e2ce \u00e0 la <strong>voie verte<\/strong>, situ\u00e9e \u00e0 moins d\u20191 km du g\u00eete \u2014 une exp\u00e9rience unique au c\u0153ur de la baie.<\/p>\n\n\n\n<p>Partez \u00e0 la d\u00e9couverte de la <strong>C\u00f4te d\u2019\u00c9meraude<\/strong> :<\/p>\n\n\n\n<ul class=\"wp-block-list\">\n<li>fl\u00e2nez dans les ruelles de <strong>Saint-Malo<\/strong> et le long de ses c\u00e9l\u00e8bres remparts,<\/li>\n\n\n\n<li>d\u00e9tendez-vous sur les plages de <strong>Dinard<\/strong>,<\/li>\n\n\n\n<li>d\u00e9gustez des hu\u00eetres face \u00e0 la mer sur le port de <strong>Cancale<\/strong>,<\/li>\n\n\n\n<li>explorez le charmant port de p\u00eache de <strong>Saint-Suliac<\/strong>,<\/li>\n\n\n\n<li>admirez les maisons \u00e0 colombages de <strong>Dinan<\/strong>,<\/li>\n\n\n\n<li>visitez le <strong>ch\u00e2teau de Combourg<\/strong>,<\/li>\n\n\n\n<li>promenez-vous dans la <strong>petite cit\u00e9 de caract\u00e8re de Dol-de-Bretagne<\/strong>,<\/li>\n\n\n\n<li>ou montez au <strong>Mont-Dol<\/strong>, rocher granitique culminant \u00e0 65 m\u00e8tres, source de nombreuses l\u00e9gendes locales.<\/li>\n<\/ul>\n\n\n\n<p>Les amateurs de randonn\u00e9e seront combl\u00e9s par le <strong>sentier du GR34<\/strong>, qui d\u00e9bute aux herbus du Mont-Saint-Michel et longe la baie en direction de Cancale, Saint-Malo et toute la C\u00f4te d\u2019\u00c9meraude, offrant des panoramas exceptionnels sur le littoral breton.<\/p>\n\n\n\n<hr class=\"wp-block-separator has-alpha-channel-opacity\"\/>\n\n\n\n<h3 class=\"wp-block-heading has-large-font-size\">&#x1f3e1; Vie locale et commodit\u00e9s \u00e0 proximit\u00e9<\/h3>\n\n\n\n<p>Le g\u00eete est situ\u00e9 sur la commune de <strong>Roz-sur-Couesnon<\/strong>, o\u00f9 vous trouverez une <strong>boulangerie<\/strong>, un <strong>bar\/\u00e9picerie<\/strong> et un <strong>salon de coiffure \/ beaut\u00e9<\/strong>.<br>Les <strong>grandes surfaces et la pharmacie<\/strong> se situent \u00e0 seulement <strong>5 km<\/strong>.<\/p>\n\n\n\n<p>Pour une balade nature toute proche, l\u2019<strong>\u00e9tang du Pas G\u00e9rault<\/strong>, \u00e0 environ <strong>6 km<\/strong>, offre un cadre agr\u00e9able et reposant.<\/p>\n\n\n\n<hr class=\"wp-block-separator has-alpha-channel-opacity\"\/>\n\n\n\n<h3 class=\"wp-block-heading has-large-font-size\">&#x1f4cd; Distances cl\u00e9s<\/h3>\n\n\n\n<p>Saint-Malo : <strong>30 minutes<\/strong><\/p>\n\n\n\n<p>Mont-Saint-Michel : <strong>10 minutes<\/strong><\/p>\n\n\n\n<p><strong>Cancale<\/strong>: <strong>30 minutes<\/strong><\/p>\n\n\n\nngg_shortcode_0_placeholder\n\n\n\n<p class=\"has-text-align-center\"><strong>Acc\u00e8s :&nbsp;<\/strong><\/p>\n\n\n\n<p class=\"has-text-align-center\">Le g\u00eete se situe \u00e0 environ 3h45 de Paris en voiture et 2h10 en TGV.<\/p>\n\n\n\n<p class=\"has-text-align-center\">Il est \u00e0 45 min de Rennes et \u00e0 1h30 de Caen en voiture.<\/p>\n\n\n\n<p class=\"has-text-align-center\"><a href=\"http:\/\/lesbullesdelabaie.com\/bullesdumont\/contact\/\" target=\"_blank\" rel=\"noreferrer noopener\" aria-label=\"Contactez-nous (s\u2019ouvre dans un nouvel onglet)\">Contactez-nous<\/a><\/p>\n","protected":false},"excerpt":{"rendered":"<p>&nbsp;&nbsp;&nbsp;&nbsp;&nbsp;&nbsp;&nbsp;&nbsp;&#x1f30a; Un emplacement id\u00e9al au c\u0153ur de la baie du Mont-Saint-Michel Situ\u00e9 \u00e0 seulement 10 km du Mont-Saint-Michel, le g\u00eete Le Saint-Revert b\u00e9n\u00e9ficie d\u2019un emplacement privil\u00e9gi\u00e9 pour d\u00e9couvrir les tr\u00e9sors de la r\u00e9gion.Le Mont est accessible \u00e0 pied ou \u00e0 v\u00e9lo gr\u00e2ce \u00e0 la voie verte, situ\u00e9e \u00e0 moins d\u20191 km du g\u00eete \u2014 une [&hellip;]<\/p>\n","protected":false},"author":1,"featured_media":0,"parent":0,"menu_order":0,"comment_status":"closed","ping_status":"closed","template":"","meta":{"ngg_post_thumbnail":0,"footnotes":""},"class_list":["post-481","page","type-page","status-publish","hentry"],"_links":{"self":[{"href":"https:\/\/lesbullesdelabaie.com\/bullesdumont\/wp-json\/wp\/v2\/pages\/481","targetHints":{"allow":["GET"]}}],"collection":[{"href":"https:\/\/lesbullesdelabaie.com\/bullesdumont\/wp-json\/wp\/v2\/pages"}],"about":[{"href":"https:\/\/lesbullesdelabaie.com\/bullesdumont\/wp-json\/wp\/v2\/types\/page"}],"author":[{"embeddable":true,"href":"https:\/\/lesbullesdelabaie.com\/bullesdumont\/wp-json\/wp\/v2\/users\/1"}],"replies":[{"embeddable":true,"href":"https:\/\/lesbullesdelabaie.com\/bullesdumont\/wp-json\/wp\/v2\/comments?post=481"}],"version-history":[{"count":10,"href":"https:\/\/lesbullesdelabaie.com\/bullesdumont\/wp-json\/wp\/v2\/pages\/481\/revisions"}],"predecessor-version":[{"id":932,"href":"https:\/\/lesbullesdelabaie.com\/bullesdumont\/wp-json\/wp\/v2\/pages\/481\/revisions\/932"}],"wp:attachment":[{"href":"https:\/\/lesbullesdelabaie.com\/bullesdumont\/wp-json\/wp\/v2\/media?parent=481"}],"curies":[{"name":"wp","href":"https:\/\/api.w.org\/{rel}","templated":true}]}}