{"id":486,"date":"2020-10-28T09:33:06","date_gmt":"2020-10-28T08:33:06","guid":{"rendered":"http:\/\/lesbullesdelabaie.com\/bullesdumont\/?page_id=486"},"modified":"2026-02-01T17:59:05","modified_gmt":"2026-02-01T16:59:05","slug":"le-spa","status":"publish","type":"page","link":"https:\/\/lesbullesdelabaie.com\/bullesdumont\/le-spa\/","title":{"rendered":"Le SPA"},"content":{"rendered":"\n<p class=\"has-text-align-center\">Ce <strong>SPA haut de gamme<\/strong>, pouvant accueillir <strong>jusqu\u2019\u00e0 5 personnes<\/strong>, vous promet de merveilleux moments de d\u00e9tente <strong>en couple, en famille ou entre amis<\/strong>, dans une eau maintenue \u00e0 une temp\u00e9rature id\u00e9ale <strong>entre 36\u00b0C et 38\u00b0C<\/strong>, toute l\u2019ann\u00e9e.<\/p>\n\n\n\n<p>Dot\u00e9 de <strong>35 jets hydromassants orientables et r\u00e9glables<\/strong>, il vous permet de personnaliser enti\u00e8rement votre exp\u00e9rience :<br>massage doux et relaxant pour un l\u00e2cher-prise total, ou massage plus tonique pour soulager les tensions musculaires en profondeur.<\/p>\n\n\n\n<p class=\"has-text-align-center\">Un <strong>si\u00e8ge allong\u00e9 ergonomique<\/strong> offre un massage complet, de la t\u00eate aux pieds, pour un <strong>bien-\u00eatre optimal<\/strong>.<br>Le tout en <strong>acc\u00e8s illimit\u00e9<\/strong>, dans une <strong>ambiance tamis\u00e9e et apaisante<\/strong>, propice \u00e0 la relaxation et \u00e0 l\u2019\u00e9vasion.<\/p>\n\n\n\nngg_shortcode_0_placeholder\n\n\n\n<p class=\"has-text-align-center\">&nbsp;Le syst\u00e8me Constantclean + est un syst\u00e8me de filtration qui permet d&rsquo;aspirer tous les petits d\u00e9bris en surface et au fond du jacuzzi. Un ozonateur permet l&rsquo;\u00e9limination des bact\u00e9ries. De plus, un programme de cycle de nettoyage permet de garder une eau claire comme de l&rsquo;eau de roche&nbsp;! Pour une hygi\u00e8ne optimale, l&rsquo;eau est renouvel\u00e9e entre chaque client. Une charte d&rsquo;utilisation est \u00e0 lire et respecter sur place pour pouvoir profiter pleinement du SPA.<\/p>\n\n\n\n<figure class=\"wp-block-embed aligncenter is-type-video is-provider-youtube wp-block-embed-youtube wp-embed-aspect-16-9 wp-has-aspect-ratio\"><div class=\"wp-block-embed__wrapper\">\n<iframe loading=\"lazy\" width=\"1020\" height=\"574\" src=\"https:\/\/www.youtube.com\/embed\/Z11FtYB2sFI?feature=oembed\" frameborder=\"0\" allow=\"accelerometer; autoplay; encrypted-media; gyroscope; picture-in-picture\" allowfullscreen><\/iframe>\n<\/div><\/figure>\n\n\n\n<p class=\"has-text-align-center\"><a href=\"http:\/\/lesbullesdelabaie.com\/bullesdumont\/contact\/\" target=\"_blank\" rel=\"noreferrer noopener\" aria-label=\"Contactez nous (s\u2019ouvre dans un nouvel onglet)\">Contactez nous<\/a><\/p>\n","protected":false},"excerpt":{"rendered":"<p>Ce SPA haut de gamme, pouvant accueillir jusqu\u2019\u00e0 5 personnes, vous promet de merveilleux moments de d\u00e9tente en couple, en famille ou entre amis, dans une eau maintenue \u00e0 une temp\u00e9rature id\u00e9ale entre 36\u00b0C et 38\u00b0C, toute l\u2019ann\u00e9e. Dot\u00e9 de 35 jets hydromassants orientables et r\u00e9glables, il vous permet de personnaliser enti\u00e8rement votre exp\u00e9rience :massage [&hellip;]<\/p>\n","protected":false},"author":1,"featured_media":0,"parent":0,"menu_order":0,"comment_status":"closed","ping_status":"closed","template":"","meta":{"ngg_post_thumbnail":0,"footnotes":""},"class_list":["post-486","page","type-page","status-publish","hentry"],"_links":{"self":[{"href":"https:\/\/lesbullesdelabaie.com\/bullesdumont\/wp-json\/wp\/v2\/pages\/486","targetHints":{"allow":["GET"]}}],"collection":[{"href":"https:\/\/lesbullesdelabaie.com\/bullesdumont\/wp-json\/wp\/v2\/pages"}],"about":[{"href":"https:\/\/lesbullesdelabaie.com\/bullesdumont\/wp-json\/wp\/v2\/types\/page"}],"author":[{"embeddable":true,"href":"https:\/\/lesbullesdelabaie.com\/bullesdumont\/wp-json\/wp\/v2\/users\/1"}],"replies":[{"embeddable":true,"href":"https:\/\/lesbullesdelabaie.com\/bullesdumont\/wp-json\/wp\/v2\/comments?post=486"}],"version-history":[{"count":5,"href":"https:\/\/lesbullesdelabaie.com\/bullesdumont\/wp-json\/wp\/v2\/pages\/486\/revisions"}],"predecessor-version":[{"id":936,"href":"https:\/\/lesbullesdelabaie.com\/bullesdumont\/wp-json\/wp\/v2\/pages\/486\/revisions\/936"}],"wp:attachment":[{"href":"https:\/\/lesbullesdelabaie.com\/bullesdumont\/wp-json\/wp\/v2\/media?parent=486"}],"curies":[{"name":"wp","href":"https:\/\/api.w.org\/{rel}","templated":true}]}}