{"id":85,"date":"2019-01-08T20:01:37","date_gmt":"2019-01-08T19:01:37","guid":{"rendered":"http:\/\/lesbullesdelabaie.com\/bullesdumont\/?page_id=85"},"modified":"2026-02-01T17:47:32","modified_gmt":"2026-02-01T16:47:32","slug":"accueil","status":"publish","type":"page","link":"https:\/\/lesbullesdelabaie.com\/bullesdumont\/accueil\/","title":{"rendered":"Accueil"},"content":{"rendered":"\n<p class=\"has-text-align-center has-large-font-size\"><strong>Bienvenue sur le site du g\u00eete<\/strong><\/p>\n\n\n\n<p class=\"has-text-align-center has-large-font-size\"><strong> \u00ab\u00a0Les Bulles du Mont\u00a0\u00bb<\/strong><\/p>\n\n\n\n<p class=\"has-text-align-center has-medium-font-size\">G\u00eete 5 Personnes avec SPA Privatif int\u00e9rieur<\/p>\n\n\n\n<p class=\"has-text-align-center has-medium-font-size\">A Roz-Sur-Couesnon, <\/p>\n\n\n\n<p class=\"has-text-align-center has-medium-font-size\">entre Saint-Malo et le Mont Saint-Michel<\/p>\n\n\n\n<p class=\"has-text-align-center has-vivid-red-color has-text-color has-medium-font-size\"><\/p>\n\n\n\nngg_shortcode_0_placeholder\n\n\n\n<h2 class=\"wp-block-heading\"><a rel=\"noreferrer noopener\" href=\"http:\/\/lesbullesdelabaie.com\/aux-alentours\/\" target=\"_blank\">Accueil :<\/a><\/h2>\n\n\n\n<p>Le g\u00eete <strong>Les Bulles du Mont<\/strong> est situ\u00e9 en Bretagne, sur la commune de <strong>Roz-sur-Couesnon (Ille-et-Vilaine)<\/strong>, au c\u0153ur de la baie du Mont-Saint-Michel.<br>Id\u00e9alement plac\u00e9, il se trouve \u00e0 seulement <strong>10 minutes du Mont-Saint-Michel<\/strong> et <strong>30 minutes de Saint-Malo<\/strong>, point de d\u00e9part parfait pour d\u00e9couvrir la r\u00e9gion.<\/p>\n\n\n\n<p>Ce g\u00eete dispose de <strong>3 chambres<\/strong> et peut accueillir jusqu\u2019\u00e0 <strong>5 personnes<\/strong>, que ce soit pour un s\u00e9jour en couple, en famille ou entre amis.<\/p>\n\n\n\n<p>Envie d\u2019un <strong>week-end en amoureux<\/strong>, d\u2019une escapade d\u00e9tente, d\u2019un moment privil\u00e9gi\u00e9 en famille ou de c\u00e9l\u00e9brer une occasion particuli\u00e8re comme la <strong>Saint-Valentin<\/strong> ?<br>Le g\u00eete <strong>Les Bulles du Mont<\/strong> vous accueille dans une <strong>ambiance romantique et apaisante<\/strong>, id\u00e9ale pour vivre des instants pr\u00e9cieux et se ressourcer dans un cadre idyllique, face \u00e0 l\u2019une des plus belles baies du monde.<\/p>\n\n\n<div class=\"wp-block-image\">\n<figure class=\"aligncenter size-large\"><img loading=\"lazy\" decoding=\"async\" width=\"640\" height=\"585\" src=\"http:\/\/lesbullesdelabaie.com\/bullesdumont\/wp-content\/uploads\/sites\/5\/2021\/12\/Classement4etoiles.jpg\" alt=\"\" class=\"wp-image-844\" srcset=\"https:\/\/lesbullesdelabaie.com\/bullesdumont\/wp-content\/uploads\/sites\/5\/2021\/12\/Classement4etoiles.jpg 640w, https:\/\/lesbullesdelabaie.com\/bullesdumont\/wp-content\/uploads\/sites\/5\/2021\/12\/Classement4etoiles-300x274.jpg 300w\" sizes=\"auto, (max-width: 640px) 100vw, 640px\" \/><\/figure>\n<\/div>\n\n\n<p class=\"has-text-align-center\">Le g\u00eete est rapide d\u2019<a aria-label=\"acc\u00e8s (s\u2019ouvre dans un nouvel onglet)\" href=\"http:\/\/lesbullesdelabaie.com\/contact\/\" target=\"_blank\" rel=\"noreferrer noopener\">acc\u00e8s<\/a>&nbsp;: 45 min de Rennes ; 1h de St Brieuc ; 2h30 de Paris 2h de Nantes ; 1h30 de Caen<\/p>\n\n\n\n<p class=\"has-text-align-center\">Location \u00e0 la semaine en haute saison, <strong>2 nuits minimum le week-end<\/strong>.<\/p>\n","protected":false},"excerpt":{"rendered":"<p>Bienvenue sur le site du g\u00eete \u00ab\u00a0Les Bulles du Mont\u00a0\u00bb G\u00eete 5 Personnes avec SPA Privatif int\u00e9rieur A Roz-Sur-Couesnon, entre Saint-Malo et le Mont Saint-Michel Accueil : Le g\u00eete Les Bulles du Mont est situ\u00e9 en Bretagne, sur la commune de Roz-sur-Couesnon (Ille-et-Vilaine), au c\u0153ur de la baie du Mont-Saint-Michel.Id\u00e9alement plac\u00e9, il se trouve \u00e0 [&hellip;]<\/p>\n","protected":false},"author":1,"featured_media":0,"parent":0,"menu_order":0,"comment_status":"closed","ping_status":"closed","template":"","meta":{"ngg_post_thumbnail":0,"footnotes":""},"class_list":["post-85","page","type-page","status-publish","hentry"],"_links":{"self":[{"href":"https:\/\/lesbullesdelabaie.com\/bullesdumont\/wp-json\/wp\/v2\/pages\/85","targetHints":{"allow":["GET"]}}],"collection":[{"href":"https:\/\/lesbullesdelabaie.com\/bullesdumont\/wp-json\/wp\/v2\/pages"}],"about":[{"href":"https:\/\/lesbullesdelabaie.com\/bullesdumont\/wp-json\/wp\/v2\/types\/page"}],"author":[{"embeddable":true,"href":"https:\/\/lesbullesdelabaie.com\/bullesdumont\/wp-json\/wp\/v2\/users\/1"}],"replies":[{"embeddable":true,"href":"https:\/\/lesbullesdelabaie.com\/bullesdumont\/wp-json\/wp\/v2\/comments?post=85"}],"version-history":[{"count":25,"href":"https:\/\/lesbullesdelabaie.com\/bullesdumont\/wp-json\/wp\/v2\/pages\/85\/revisions"}],"predecessor-version":[{"id":933,"href":"https:\/\/lesbullesdelabaie.com\/bullesdumont\/wp-json\/wp\/v2\/pages\/85\/revisions\/933"}],"wp:attachment":[{"href":"https:\/\/lesbullesdelabaie.com\/bullesdumont\/wp-json\/wp\/v2\/media?parent=85"}],"curies":[{"name":"wp","href":"https:\/\/api.w.org\/{rel}","templated":true}]}}