{"id":91,"date":"2019-01-08T20:07:27","date_gmt":"2019-01-08T19:07:27","guid":{"rendered":"http:\/\/lesbullesdelabaie.com\/bullesdumont\/?page_id=91"},"modified":"2026-02-01T16:23:40","modified_gmt":"2026-02-01T15:23:40","slug":"contact","status":"publish","type":"page","link":"https:\/\/lesbullesdelabaie.com\/bullesdumont\/contact\/","title":{"rendered":"&#x1f4e9; Contact &amp; r\u00e9servation en direct"},"content":{"rendered":"\n<p class=\"has-text-align-center\">Vous souhaitez s\u00e9journer dans l\u2019un de nos g\u00eetes <strong>Les Bulles de la Baie<\/strong> ou obtenir des informations avant de r\u00e9server ?<br>Nous serons ravis d\u2019\u00e9changer avec vous et de vous accompagner dans l\u2019organisation de votre s\u00e9jour.<\/p>\n\n\n\n<h3 class=\"wp-block-heading\">&#x2705; R\u00e9servation en direct, en toute simplicit\u00e9<\/h3>\n\n\n\n<p>Nous proposons la <strong>r\u00e9servation en direct<\/strong>, sans interm\u00e9diaire, avec :<\/p>\n\n\n\n<ul class=\"wp-block-list\">\n<li>un <strong>contrat de location<\/strong> clair et officiel,<\/li>\n\n\n\n<li>un \u00e9change personnalis\u00e9 selon vos dates et vos besoins,<\/li>\n\n\n\n<li>et la garantie d\u2019un contact direct avec les propri\u00e9taires.<\/li>\n<\/ul>\n\n\n\n<p>Ce mode de r\u00e9servation nous permet de vous offrir un accueil de qualit\u00e9 et une organisation fluide, dans le respect du rythme de chaque g\u00eete.<\/p>\n\n\n\n<h3 class=\"wp-block-heading\">&#x1f4de; Nous contacter<\/h3>\n\n\n\n<p>&#x1f4cd; <strong>B\u00e9atrice &amp; Julien<\/strong><br>&#x1f4de; T\u00e9l\u00e9phone : <strong>06 49 80 18 57<\/strong><br>&#x1f4e7; Email : <strong><a>lesbullesdelabaie@gmail.com<\/a><\/strong><\/p>\n\n\n\n<p>N\u2019h\u00e9sitez pas \u00e0 nous contacter pour :<\/p>\n\n\n\n<ul class=\"wp-block-list\">\n<li>v\u00e9rifier les disponibilit\u00e9s,<\/li>\n\n\n\n<li>poser vos questions,<\/li>\n\n\n\n<li>ou r\u00e9server votre s\u00e9jour en direct.<\/li>\n<\/ul>\n\n\n\n<p>Nous vous r\u00e9pondrons dans les meilleurs d\u00e9lais.<\/p>\n\n\n\n<hr class=\"wp-block-separator has-alpha-channel-opacity\"\/>\n\n\n\n            \n            \n            \n            <a name='map1'><\/a>\n            \n            \n            \n            \n\n            <div class=\"wpgmza_map\" id=\"wpgmza_map_1\" style=\"display:block; overflow:auto; width:100%; height:400px; clear:both;\"> <\/div>\n            \n            \n            \n\n<div style=\"display:block; width:100%;\">\n\t\n\t\n\t\t\t<div id=\"wpgmaps_directions_edit_1\" style=\"display:none; width:100%; clear:both;\" class=\"wpgmaps_directions_outer_div\">\n\t\t\t\t<h2>Itin\u00e9raires<\/h2>\n\t\t\t\t<div id=\"wpgmaps_directions_editbox_1\">\n\t\t\t\t\t<table>\n\t\t\t\t\t\t<tr>\n\t\t\t\t\t\t\t<td>\n\t\t\t\t\t\t\t\t<label for=\"wpgmza_dir_type_1\">Pour<\/label>\n\t\t\t\t\t\t\t<\/td>\n\t\t\t\t\t\t\t<td>\n\t\t\t\t\t\t\t\t<select id=\"wpgmza_dir_type_1\" name=\"wpgmza_dir_type_1\">\n\t\t\t\t\t\t\t\t\t<option value=\"DRIVING\" selected=\"selected\">En voiture<\/option>\n\t\t\t\t\t\t\t\t\t<option value=\"WALKING\">A pied<\/option>\n\t\t\t\t\t\t\t\t\t<option value=\"TRANSIT\">Couche Transport en commun<\/option>\n\t\t\t\t\t\t\t\t\t<option value=\"BICYCLING\">A v\u00e9lo<\/option>\n\t\t\t\t\t\t\t\t<\/select>\n\t\t\t\t\t\t\t\t&nbsp;\n\t\t\t\t\t\t\t\t<a href=\"javascript:void(0);\" mapid=\"1\" id=\"wpgmza_show_options_1\" onclick=\"wpgmza_show_options(1);\" style=\"font-size:10px;\">afficher les options<\/a>\n\t\t\t\t\t\t\t\t<a href=\"javascript:void(0);\" mapid=\"1\" id=\"wpgmza_hide_options_1\" onclick=\"wpgmza_hide_options(1);\" style=\"font-size:10px; display:none;\">Cacher les options<\/a>\n\t\t\t\t\t\t\t\t<div style=\"display:none\" id=\"wpgmza_options_box_1\">\n\t\t\t\t\t\t\t\t\t<input type=\"checkbox\" id=\"wpgmza_tolls_1\" name=\"wpgmza_tolls_1\" value=\"tolls\" \/> <label for=\"wpgmza_tolls_1\">Eviter les p\u00e9ages<\/label><br \/>\n\t\t\t\t\t\t\t\t\t<input type=\"checkbox\" id=\"wpgmza_highways_1\" name=\"wpgmza_highways_1\" value=\"highways\" \/> <label for=\"wpgmza_highways_1\">Eviter les autoroutes<\/label><br \/>\n\t\t\t\t\t\t\t\t\t<input type=\"checkbox\" id=\"wpgmza_ferries_1\" name=\"wpgmza_ferries_1\" value=\"ferries\" \/> <label for=\"wpgmza_ferries_1\">Avoid Ferries<\/label>\n\t\t\t\t\t\t\t\t<\/div>\n\t\t\t\t\t\t\t<\/td>\n\t\t\t\t\t\t<\/tr>\n\t\t\t\t\t\t<tr class='wpgmaps_from_row'>\n\t\t\t\t\t\t\t<td class='wpgmaps_from_td1'>\n\t\t\t\t\t\t\t\t<label for=\"wpgmza_input_from_1\">Depuis<\/label>\n\t\t\t\t\t\t\t<\/td>\n\t\t\t\t\t\t\t<td width='90%' class='wpgmaps_from_td2'>\n\t\t\t\t\t\t\t\t<input type=\"text\" value=\"\" id=\"wpgmza_input_from_1\" style='width:80%' \/> \n\t\t\t\t\t\t\t<\/td>\n\t\t\t\t\t\t<\/tr>\n\t\t\t\t\t\t<tr class='wpgmaps_to_row'>\n\t\t\t\t\t\t\t<td class='wpgmaps_to_td1'>\n\t\t\t\t\t\t\t\t<label for=\"wpgmza_input_to_1\">Vers<\/label>\n\t\t\t\t\t\t\t<\/td>\n\t\t\t\t\t\t\t<td width='90%' class='wpgmaps_to_td2'>\n\t\t\t\t\t\t\t\t<input type=\"text\" value=\"\" id=\"wpgmza_input_to_1\" style='width:80%' \/> \n\t\t\t\t\t\t\t<\/td>\n\t\t\t\t\t\t<\/tr>\n\t\t\t\t\t\t\n\t\t\t\t\t\t<tr>\n\t\t\t\t\t\t\t<td>\n\t\t\t\t\t\t\t<\/td>\n\t\t\t\t\t\t\t<td>\n\t\t\t\t\t\t\t\t<input onclick=\"javascript:void(0);\" class=\"wpgmaps_get_directions \" id=\"1\" type=\"button\" value=\"Allez\"\/>\n\t\t\t\t\t\t\t<\/td>\n\t\t\t\t\t\t<\/tr>\n\t\t\t\t\t<\/table>\n\t\t\t\t<\/div>\n\t\t\t<\/div>\n\n\t    \n\t\n\t<div id=\"wpgmaps_directions_notification_1\" style=\"display:none;\">Recherche d'itin\u00e9raire ......<\/div>\n\t\n\t<div id=\"wpgmaps_directions_reset_1\" style=\"display:none;\">\n\t\t<a href='javascript:void(0)' onclick='wpgmza_reset_directions(1);' id='wpgmaps_reset_directions' title='Annuler l'itin\u00e9raire'>Annuler l'itin\u00e9raire<\/a>\n\t\t<br \/>\n\t\t<a href='' id='wpgmaps_print_directions_1' title='Imprimer l'itin\u00e9raire'>Imprimer l'itin\u00e9raire<\/a>\n\t<\/div>\n\t\n\t<div id=\"directions_panel_1\"><\/div>\n\n<\/div>\n\n        \n","protected":false},"excerpt":{"rendered":"<p>Vous souhaitez s\u00e9journer dans l\u2019un de nos g\u00eetes Les Bulles de la Baie ou obtenir des informations avant de r\u00e9server ?Nous serons ravis d\u2019\u00e9changer avec vous et de vous accompagner dans l\u2019organisation de votre s\u00e9jour. &#x2705; R\u00e9servation en direct, en toute simplicit\u00e9 Nous proposons la r\u00e9servation en direct, sans interm\u00e9diaire, avec : Ce mode de [&hellip;]<\/p>\n","protected":false},"author":1,"featured_media":0,"parent":0,"menu_order":0,"comment_status":"closed","ping_status":"closed","template":"","meta":{"ngg_post_thumbnail":0,"footnotes":""},"class_list":["post-91","page","type-page","status-publish","hentry"],"_links":{"self":[{"href":"https:\/\/lesbullesdelabaie.com\/bullesdumont\/wp-json\/wp\/v2\/pages\/91","targetHints":{"allow":["GET"]}}],"collection":[{"href":"https:\/\/lesbullesdelabaie.com\/bullesdumont\/wp-json\/wp\/v2\/pages"}],"about":[{"href":"https:\/\/lesbullesdelabaie.com\/bullesdumont\/wp-json\/wp\/v2\/types\/page"}],"author":[{"embeddable":true,"href":"https:\/\/lesbullesdelabaie.com\/bullesdumont\/wp-json\/wp\/v2\/users\/1"}],"replies":[{"embeddable":true,"href":"https:\/\/lesbullesdelabaie.com\/bullesdumont\/wp-json\/wp\/v2\/comments?post=91"}],"version-history":[{"count":6,"href":"https:\/\/lesbullesdelabaie.com\/bullesdumont\/wp-json\/wp\/v2\/pages\/91\/revisions"}],"predecessor-version":[{"id":931,"href":"https:\/\/lesbullesdelabaie.com\/bullesdumont\/wp-json\/wp\/v2\/pages\/91\/revisions\/931"}],"wp:attachment":[{"href":"https:\/\/lesbullesdelabaie.com\/bullesdumont\/wp-json\/wp\/v2\/media?parent=91"}],"curies":[{"name":"wp","href":"https:\/\/api.w.org\/{rel}","templated":true}]}}