{"id":122,"date":"2019-01-26T10:54:52","date_gmt":"2019-01-26T09:54:52","guid":{"rendered":"http:\/\/lesbullesdelabaie.com\/emeraude\/?page_id=122"},"modified":"2019-07-10T14:49:53","modified_gmt":"2019-07-10T13:49:53","slug":"le-spa","status":"publish","type":"page","link":"https:\/\/lesbullesdelabaie.com\/emeraude\/le-spa\/","title":{"rendered":"Le SPA"},"content":{"rendered":"\n<p style=\"text-align:center\">Ce <strong>v\u00e9ritable SPA haut de gamme<\/strong> permet d&rsquo;accueillir 5 personnes et vous assure de passer de tr\u00e8s bons moments \u00e0 deux, en famille ou entre amis, dans une <strong>eau entre 36\u00b0 et 38\u00b0C<\/strong>.<\/p>\n\n\n\n<p style=\"text-align:center\">Ses 35 jets dirigeables et r\u00e9glables \u00e0 votre guise vous permettront de r\u00e9gler l&rsquo;intensit\u00e9 du massage. Vous pourrez choisir un massage doux et relaxant pour vous d\u00e9tendre ou bien un massage plus soutenu pour masser vos muscles en profondeur. Le tout en <strong>acc\u00e8s illimit\u00e9<\/strong> dans une <strong>ambiance tamis\u00e9e<\/strong> pour une d\u00e9tente maximale. Un si\u00e8ge allong\u00e9 vous permettra de vous soulager de la t\u00eate aux pieds pour un bien-\u00eatre optimal.<\/p>\n\n\n\nngg_shortcode_0_placeholder\n\n\n\n<p style=\"text-align:center\">&nbsp;Le syst\u00e8me Constantclean + est un syst\u00e8me de filtration qui permet d&rsquo;aspirer tous les petits d\u00e9bris en surface et au fond du jacuzzi. Un ozonateur permet l&rsquo;\u00e9limination des bact\u00e9ries. De plus, un programme de cycle de nettoyage permet de garder une eau claire comme de l&rsquo;eau de roche&nbsp;! Pour une hygi\u00e8ne optimale, l&rsquo;eau est renouvel\u00e9e entre chaque client. Une charte d&rsquo;utilisation est \u00e0 lire et respecter sur place pour pouvoir profiter pleinement du SPA.<\/p>\n\n\n\n<figure class=\"wp-block-embed-youtube aligncenter wp-block-embed is-type-video is-provider-youtube wp-embed-aspect-16-9 wp-has-aspect-ratio\"><div class=\"wp-block-embed__wrapper\">\n<iframe loading=\"lazy\" width=\"1020\" height=\"574\" src=\"https:\/\/www.youtube.com\/embed\/Z11FtYB2sFI?feature=oembed\" frameborder=\"0\" allow=\"accelerometer; autoplay; encrypted-media; gyroscope; picture-in-picture\" allowfullscreen><\/iframe>\n<\/div><\/figure>\n\n\n\n<p style=\"text-align:center\"><a href=\"http:\/\/lesbullesdelabaie.com\/emeraude\/contact\/\" target=\"_blank\" rel=\"noreferrer noopener\" aria-label=\"Contactez nous (s\u2019ouvre dans un nouvel onglet)\">Contactez nous<\/a><\/p>\n","protected":false},"excerpt":{"rendered":"<p>Ce v\u00e9ritable SPA haut de gamme permet d&rsquo;accueillir 5 personnes et vous assure de passer de tr\u00e8s bons moments \u00e0 deux, en famille ou entre amis, dans une eau entre 36\u00b0 et 38\u00b0C. Ses 35 jets dirigeables et r\u00e9glables \u00e0 votre guise vous permettront de r\u00e9gler l&rsquo;intensit\u00e9 du massage. Vous pourrez choisir un massage doux [&hellip;]<\/p>\n","protected":false},"author":1,"featured_media":0,"parent":0,"menu_order":0,"comment_status":"closed","ping_status":"closed","template":"","meta":{"ngg_post_thumbnail":0,"footnotes":""},"class_list":["post-122","page","type-page","status-publish","hentry"],"_links":{"self":[{"href":"https:\/\/lesbullesdelabaie.com\/emeraude\/wp-json\/wp\/v2\/pages\/122","targetHints":{"allow":["GET"]}}],"collection":[{"href":"https:\/\/lesbullesdelabaie.com\/emeraude\/wp-json\/wp\/v2\/pages"}],"about":[{"href":"https:\/\/lesbullesdelabaie.com\/emeraude\/wp-json\/wp\/v2\/types\/page"}],"author":[{"embeddable":true,"href":"https:\/\/lesbullesdelabaie.com\/emeraude\/wp-json\/wp\/v2\/users\/1"}],"replies":[{"embeddable":true,"href":"https:\/\/lesbullesdelabaie.com\/emeraude\/wp-json\/wp\/v2\/comments?post=122"}],"version-history":[{"count":16,"href":"https:\/\/lesbullesdelabaie.com\/emeraude\/wp-json\/wp\/v2\/pages\/122\/revisions"}],"predecessor-version":[{"id":366,"href":"https:\/\/lesbullesdelabaie.com\/emeraude\/wp-json\/wp\/v2\/pages\/122\/revisions\/366"}],"wp:attachment":[{"href":"https:\/\/lesbullesdelabaie.com\/emeraude\/wp-json\/wp\/v2\/media?parent=122"}],"curies":[{"name":"wp","href":"https:\/\/api.w.org\/{rel}","templated":true}]}}