{"id":186,"date":"2019-01-31T21:48:13","date_gmt":"2019-01-31T20:48:13","guid":{"rendered":"http:\/\/lesbullesdelabaie.com\/emeraude\/?page_id=186"},"modified":"2020-04-26T13:01:17","modified_gmt":"2020-04-26T12:01:17","slug":"bon-cadeau","status":"publish","type":"page","link":"https:\/\/lesbullesdelabaie.com\/emeraude\/bon-cadeau\/","title":{"rendered":"Bon cadeau"},"content":{"rendered":"\n<p>Vous souhaitez offrir un s\u00e9jour d\u00e9tente ou romantique dans notre g\u00eete? Nous vous proposons des cartes cadeaux pr\u00eates \u00e0 offrir. Pour plus d&rsquo;informations, contactez nous .<\/p>\n\n\n\nngg_shortcode_0_placeholder\n","protected":false},"excerpt":{"rendered":"<p>Vous souhaitez offrir un s\u00e9jour d\u00e9tente ou romantique dans notre g\u00eete? Nous vous proposons des cartes cadeaux pr\u00eates \u00e0 offrir. Pour plus d&rsquo;informations, contactez nous .<\/p>\n","protected":false},"author":1,"featured_media":0,"parent":0,"menu_order":0,"comment_status":"closed","ping_status":"closed","template":"","meta":{"ngg_post_thumbnail":0,"footnotes":""},"class_list":["post-186","page","type-page","status-publish","hentry"],"_links":{"self":[{"href":"https:\/\/lesbullesdelabaie.com\/emeraude\/wp-json\/wp\/v2\/pages\/186","targetHints":{"allow":["GET"]}}],"collection":[{"href":"https:\/\/lesbullesdelabaie.com\/emeraude\/wp-json\/wp\/v2\/pages"}],"about":[{"href":"https:\/\/lesbullesdelabaie.com\/emeraude\/wp-json\/wp\/v2\/types\/page"}],"author":[{"embeddable":true,"href":"https:\/\/lesbullesdelabaie.com\/emeraude\/wp-json\/wp\/v2\/users\/1"}],"replies":[{"embeddable":true,"href":"https:\/\/lesbullesdelabaie.com\/emeraude\/wp-json\/wp\/v2\/comments?post=186"}],"version-history":[{"count":2,"href":"https:\/\/lesbullesdelabaie.com\/emeraude\/wp-json\/wp\/v2\/pages\/186\/revisions"}],"predecessor-version":[{"id":472,"href":"https:\/\/lesbullesdelabaie.com\/emeraude\/wp-json\/wp\/v2\/pages\/186\/revisions\/472"}],"wp:attachment":[{"href":"https:\/\/lesbullesdelabaie.com\/emeraude\/wp-json\/wp\/v2\/media?parent=186"}],"curies":[{"name":"wp","href":"https:\/\/api.w.org\/{rel}","templated":true}]}}