{"id":85,"date":"2019-01-08T20:01:37","date_gmt":"2019-01-08T19:01:37","guid":{"rendered":"http:\/\/lesbullesdelabaie.com\/emeraude\/?page_id=85"},"modified":"2026-02-01T18:13:54","modified_gmt":"2026-02-01T17:13:54","slug":"accueil","status":"publish","type":"page","link":"https:\/\/lesbullesdelabaie.com\/emeraude\/","title":{"rendered":"Accueil"},"content":{"rendered":"\n<p class=\"has-text-align-center has-large-font-size\"><strong>Bienvenue sur le site du g\u00eete<\/strong><\/p>\n\n\n\n<p class=\"has-text-align-center has-large-font-size\"><strong> \u00ab\u00a0Les Bulles d&rsquo;Emeraude\u00a0\u00bb<\/strong><\/p>\n\n\n\n<p class=\"has-text-align-center has-medium-font-size\">Entre Saint-Malo et le Mont Saint-Michel<\/p>\n\n\n\n<p class=\"has-text-align-center has-vivid-red-color has-text-color has-medium-font-size\"><\/p>\n\n\n\nngg_shortcode_0_placeholder\n\n\n\n<p class=\"has-text-align-center\">&#x1f3e1; <strong>Les Bulles d\u2019\u00c9meraude \u2013 Escapade romantique &amp; d\u00e9tente<\/strong><\/p>\n\n\n\n<p><\/p>\n\n\n\n<p>Envie d\u2019une <strong>pause<\/strong>, d\u2019une <strong>parenth\u00e8se de douceur<\/strong> ou d\u2019une <strong>escapade romantique \u00e0 deux<\/strong> ?<br>Besoin de vous d\u00e9tendre, de vous retrouver et de vous \u00e9vader le temps d\u2019un <strong>week-end<\/strong> ou de quelques jours ?<\/p>\n\n\n\n<p>Le g\u00eete <strong>\u00ab Les Bulles d\u2019\u00c9meraude \u00bb<\/strong> est une v\u00e9ritable <strong>invitation au l\u00e2cher-prise<\/strong>, un lieu pens\u00e9 pour vivre des <strong>moments pr\u00e9cieux<\/strong>, loin du rythme du quotidien.<\/p>\n\n\n\n<p>Venez d\u00e9couvrir ce <strong>cocon d\u2019exception<\/strong>, \u00e0 la fois <strong>\u00e9l\u00e9gant et chaleureux<\/strong>, <strong>enti\u00e8rement neuf<\/strong>, nich\u00e9 au c\u0153ur d\u2019une <strong>campagne verdoyante<\/strong>, dans une <strong>intimit\u00e9 totale<\/strong> et un <strong>calme absolu<\/strong>.<\/p>\n\n\n\n<p>Le g\u00eete dispose d\u2019un <strong>v\u00e9ritable spa (jacuzzi) privatif int\u00e9rieur<\/strong>, <strong>haut de gamme<\/strong> et <strong>accessible en illimit\u00e9<\/strong>, pour savourer pleinement chaque instant, quelle que soit la saison, \u00e9t\u00e9 comme hiver.<\/p>\n\n\n\n<p class=\"has-text-align-center\">Situ\u00e9 en Bretagne, sur la commune de <strong>Baguer-Pican (Ille-et-Vilaine)<\/strong>, le g\u00eete b\u00e9n\u00e9ficie d\u2019un <strong>emplacement id\u00e9al \u00e0 mi-chemin entre Saint-Malo et le Mont-Saint-Michel<\/strong>, permettant de d\u00e9couvrir facilement la <strong>C\u00f4te d\u2019\u00c9meraude<\/strong>, <strong>Cancale<\/strong>, <strong>Dinard<\/strong>, <strong>Dinan<\/strong> et toute la <strong>baie du Mont-Saint-Michel<\/strong>.<\/p>\n\n\n\n<div style=\"height:21px\" aria-hidden=\"true\" class=\"wp-block-spacer\"><\/div>\n\n\n<div class=\"wp-block-image\">\n<figure class=\"aligncenter\"><img loading=\"lazy\" decoding=\"async\" width=\"1024\" height=\"683\" src=\"http:\/\/lesbullesdelabaie.com\/emeraude\/wp-content\/uploads\/sites\/2\/2019\/07\/DSC_0007-Copie-1024x683.jpg\" alt=\"Accueil : Bienvenue sur le site du g\u00eete &quot;Les Bulles d'Emeraude&quot;\" class=\"wp-image-348\" srcset=\"https:\/\/lesbullesdelabaie.com\/emeraude\/wp-content\/uploads\/sites\/2\/2019\/07\/DSC_0007-Copie-1024x683.jpg 1024w, https:\/\/lesbullesdelabaie.com\/emeraude\/wp-content\/uploads\/sites\/2\/2019\/07\/DSC_0007-Copie-300x200.jpg 300w, https:\/\/lesbullesdelabaie.com\/emeraude\/wp-content\/uploads\/sites\/2\/2019\/07\/DSC_0007-Copie-768x512.jpg 768w, https:\/\/lesbullesdelabaie.com\/emeraude\/wp-content\/uploads\/sites\/2\/2019\/07\/DSC_0007-Copie-1020x680.jpg 1020w\" sizes=\"auto, (max-width: 1024px) 100vw, 1024px\" \/><\/figure>\n<\/div>\n\n\n<p class=\"has-text-align-center\">Le g\u00eete est rapide d\u2019<a aria-label=\"acc\u00e8s (s\u2019ouvre dans un nouvel onglet)\" href=\"http:\/\/lesbullesdelabaie.com\/contact\/\" target=\"_blank\" rel=\"noreferrer noopener\">acc\u00e8s<\/a>&nbsp;: 45 min de Rennes ; 1h de St Brieuc ; 2h30 de Paris 2h de Nantes ; 1h30 de Caen<\/p>\n\n\n\n<p class=\"has-text-align-center\">Location \u00e0 la semaine en haute saison, <strong>2 nuits minimum le week-end<\/strong>. Possibilit\u00e9 de nuit\u00e9e en semaine.<\/p>\n","protected":false},"excerpt":{"rendered":"<p>Bienvenue sur le site du g\u00eete \u00ab\u00a0Les Bulles d&rsquo;Emeraude\u00a0\u00bb Entre Saint-Malo et le Mont Saint-Michel &#x1f3e1; Les Bulles d\u2019\u00c9meraude \u2013 Escapade romantique &amp; d\u00e9tente Envie d\u2019une pause, d\u2019une parenth\u00e8se de douceur ou d\u2019une escapade romantique \u00e0 deux ?Besoin de vous d\u00e9tendre, de vous retrouver et de vous \u00e9vader le temps d\u2019un week-end ou de quelques [&hellip;]<\/p>\n","protected":false},"author":1,"featured_media":0,"parent":0,"menu_order":0,"comment_status":"closed","ping_status":"closed","template":"","meta":{"ngg_post_thumbnail":0,"footnotes":""},"class_list":["post-85","page","type-page","status-publish","hentry"],"_links":{"self":[{"href":"https:\/\/lesbullesdelabaie.com\/emeraude\/wp-json\/wp\/v2\/pages\/85","targetHints":{"allow":["GET"]}}],"collection":[{"href":"https:\/\/lesbullesdelabaie.com\/emeraude\/wp-json\/wp\/v2\/pages"}],"about":[{"href":"https:\/\/lesbullesdelabaie.com\/emeraude\/wp-json\/wp\/v2\/types\/page"}],"author":[{"embeddable":true,"href":"https:\/\/lesbullesdelabaie.com\/emeraude\/wp-json\/wp\/v2\/users\/1"}],"replies":[{"embeddable":true,"href":"https:\/\/lesbullesdelabaie.com\/emeraude\/wp-json\/wp\/v2\/comments?post=85"}],"version-history":[{"count":22,"href":"https:\/\/lesbullesdelabaie.com\/emeraude\/wp-json\/wp\/v2\/pages\/85\/revisions"}],"predecessor-version":[{"id":862,"href":"https:\/\/lesbullesdelabaie.com\/emeraude\/wp-json\/wp\/v2\/pages\/85\/revisions\/862"}],"wp:attachment":[{"href":"https:\/\/lesbullesdelabaie.com\/emeraude\/wp-json\/wp\/v2\/media?parent=85"}],"curies":[{"name":"wp","href":"https:\/\/api.w.org\/{rel}","templated":true}]}}