{"id":89,"date":"2019-01-08T20:05:05","date_gmt":"2019-01-08T19:05:05","guid":{"rendered":"http:\/\/lesbullesdelabaie.com\/emeraude\/?page_id=89"},"modified":"2026-02-01T18:23:56","modified_gmt":"2026-02-01T17:23:56","slug":"tarifs-et-disponibilites","status":"publish","type":"page","link":"https:\/\/lesbullesdelabaie.com\/emeraude\/tarifs-et-disponibilites\/","title":{"rendered":"Tarifs"},"content":{"rendered":"\n<figure class=\"wp-block-table\"><table><tbody><tr><td class=\"has-text-align-center\" data-align=\"center\"><strong><u><span style=\"text-decoration: underline;\">Nuit\u00e9e pour 2 personne<\/span>s<\/u><span style=\"text-decoration: underline;\"> en semaine<\/span><\/strong><\/td><td class=\"has-text-align-center\" data-align=\"center\"><strong>160\u20ac<\/strong><\/td><\/tr><tr><td class=\"has-text-align-center\" data-align=\"center\"><strong><span style=\"text-decoration: underline;\">Nuit\u00e9e pour 2 personnes le week-end<\/span><\/strong><\/td><td class=\"has-text-align-center\" data-align=\"center\"><strong>165\u20ac<\/strong><\/td><\/tr><tr><td class=\"has-text-align-center\" data-align=\"center\"><strong style=\"font-weight: bold; text-decoration-line: underline;\">Personnes suppl\u00e9mentaires<\/strong><\/td><td class=\"has-text-align-center\" data-align=\"center\"><strong>10\u20ac\/pers\/nuit<\/strong><\/td><\/tr><tr><td class=\"has-text-align-center\" data-align=\"center\"><strong><span style=\"text-decoration: underline;\">Nouvel-an \/ St Valentin<\/span><\/strong><\/td><td class=\"has-text-align-center\" data-align=\"center\"><strong>200\u20ac\/nuit<\/strong><\/td><\/tr><\/tbody><\/table><\/figure>\n\n\n\n<p>(+ taxe de s\u00e9jour 1,43 \u20ac \/ nuit\u00e9e \/ adulte)<\/p>\n\n\n\n<p class=\"has-text-align-left has-medium-font-size\"><strong>Options<\/strong><\/p>\n\n\n\n<ul class=\"wp-block-list\">\n<li>Forfait m\u00e9nage\u00a0: 50 \u20ac<\/li>\n\n\n\n<li>Kit de 2 petites et 2 grandes serviettes de toilette\u00a0: 10 \u20ac<\/li>\n\n\n\n<li>Bouteille de champagne dans un seau \u00e0 glace \u00e0 l&rsquo;arriv\u00e9e\u00a0: 35 \u20ac<\/li>\n<\/ul>\n\n\n\n<p class=\"has-text-align-left has-medium-font-size\"><strong>R\u00e9servation<\/strong><\/p>\n\n\n\n<p class=\"has-text-align-left\">&nbsp;&nbsp;&nbsp;&nbsp;&nbsp;&nbsp;&nbsp;&nbsp;&nbsp;&nbsp;&nbsp; La r\u00e9servation se fait soit par t\u00e9l\u00e9phone au <strong>06.49.80.18.57<\/strong> soit par mail \u00e0 l&rsquo;adresse suivante&nbsp;: <a href=\"mailto:contact@lesbullesdemeraude.com\">lesbullesdelabaie@gmail.com<\/a><\/p>\n\n\n\n<p class=\"has-text-align-left\">B\u00e9atrice se fera un plaisir de vous r\u00e9pondre.<\/p>\n\n\n\n<p class=\"has-text-align-left has-medium-font-size\"><strong>Moyens de paiement<\/strong><\/p>\n\n\n\n<ul class=\"wp-block-list\">\n<li>Par ch\u00e8que \u00e0 l&rsquo;ordre de Mr et Mme Deslande<\/li>\n\n\n\n<li>En esp\u00e8ces<\/li>\n\n\n\n<li>Par virement (ce dernier doit \u00eatre effectu\u00e9 au moins 4 jours avant l&rsquo;arriv\u00e9e)<\/li>\n\n\n\n<li>CB non accept\u00e9e<\/li>\n<\/ul>\n\n\n\n<ul class=\"wp-block-list\">\n<li><strong>Acompte de 30% lors de la r\u00e9servation<\/strong>, le<br>solde sur place. (4 jours avant pour les virements).<\/li>\n<\/ul>\n\n\n\n<ul class=\"wp-block-list\">\n<li><strong>Caution de 500 \u20ac non encaiss\u00e9<\/strong>, au prorata si d\u00e9gradations.<\/li>\n<\/ul>\n\n\n\n<p><strong><u>Modalit\u00e9s d\u2019annulation<\/u><\/strong><\/p>\n\n\n\n<p>Les r\u00e9servations annul\u00e9es au moins 30 jours avant le d\u00e9but du s\u00e9jour pourront \u00eatre rembours\u00e9es \u00e0 hauteur de 100%.<br><br>Les r\u00e9servations annul\u00e9es au moins 15 jours avant le d\u00e9but du s\u00e9jour pourront \u00eatre rembours\u00e9es \u00e0 hauteur de 50%.<br><br>Les r\u00e9servations annul\u00e9es 7 jours avant le d\u00e9but du s\u00e9jour ne seront pas<br>remboursables.<\/p>\n","protected":false},"excerpt":{"rendered":"<p>Nuit\u00e9e pour 2 personnes en semaine 160\u20ac Nuit\u00e9e pour 2 personnes le week-end 165\u20ac Personnes suppl\u00e9mentaires 10\u20ac\/pers\/nuit Nouvel-an \/ St Valentin 200\u20ac\/nuit (+ taxe de s\u00e9jour 1,43 \u20ac \/ nuit\u00e9e \/ adulte) Options R\u00e9servation &nbsp;&nbsp;&nbsp;&nbsp;&nbsp;&nbsp;&nbsp;&nbsp;&nbsp;&nbsp;&nbsp; La r\u00e9servation se fait soit par t\u00e9l\u00e9phone au 06.49.80.18.57 soit par mail \u00e0 l&rsquo;adresse suivante&nbsp;: lesbullesdelabaie@gmail.com B\u00e9atrice se fera un [&hellip;]<\/p>\n","protected":false},"author":1,"featured_media":0,"parent":0,"menu_order":0,"comment_status":"closed","ping_status":"closed","template":"","meta":{"ngg_post_thumbnail":0,"footnotes":""},"class_list":["post-89","page","type-page","status-publish","hentry"],"_links":{"self":[{"href":"https:\/\/lesbullesdelabaie.com\/emeraude\/wp-json\/wp\/v2\/pages\/89","targetHints":{"allow":["GET"]}}],"collection":[{"href":"https:\/\/lesbullesdelabaie.com\/emeraude\/wp-json\/wp\/v2\/pages"}],"about":[{"href":"https:\/\/lesbullesdelabaie.com\/emeraude\/wp-json\/wp\/v2\/types\/page"}],"author":[{"embeddable":true,"href":"https:\/\/lesbullesdelabaie.com\/emeraude\/wp-json\/wp\/v2\/users\/1"}],"replies":[{"embeddable":true,"href":"https:\/\/lesbullesdelabaie.com\/emeraude\/wp-json\/wp\/v2\/comments?post=89"}],"version-history":[{"count":26,"href":"https:\/\/lesbullesdelabaie.com\/emeraude\/wp-json\/wp\/v2\/pages\/89\/revisions"}],"predecessor-version":[{"id":865,"href":"https:\/\/lesbullesdelabaie.com\/emeraude\/wp-json\/wp\/v2\/pages\/89\/revisions\/865"}],"wp:attachment":[{"href":"https:\/\/lesbullesdelabaie.com\/emeraude\/wp-json\/wp\/v2\/media?parent=89"}],"curies":[{"name":"wp","href":"https:\/\/api.w.org\/{rel}","templated":true}]}}