{"id":561,"date":"2020-10-28T11:42:13","date_gmt":"2020-10-28T10:42:13","guid":{"rendered":"http:\/\/lesbullesdelabaie.com\/laroze\/?page_id=561"},"modified":"2026-02-01T18:16:48","modified_gmt":"2026-02-01T17:16:48","slug":"descriptif","status":"publish","type":"page","link":"https:\/\/lesbullesdelabaie.com\/laroze\/descriptif\/","title":{"rendered":"Descriptif"},"content":{"rendered":"\n<p>Le g\u00eete <strong>La Roz\u2019e<\/strong> peut accueillir <strong>2 \u00e0 4 personnes<\/strong> et se compose de la mani\u00e8re suivante :<\/p>\n\n\n\n<h3 class=\"wp-block-heading\">Au rez-de-chauss\u00e9e<\/h3>\n\n\n\n<p>Une <strong>cuisine enti\u00e8rement \u00e9quip\u00e9e<\/strong>, comprenant :<\/p>\n\n\n\n<ul class=\"wp-block-list\">\n<li>plaque \u00e0 induction et <strong>four<\/strong>,<\/li>\n\n\n\n<li><strong>r\u00e9frig\u00e9rateur avec compartiment cong\u00e9lateur<\/strong>,<\/li>\n\n\n\n<li><strong>micro-ondes<\/strong>,<\/li>\n\n\n\n<li><strong>lave-vaisselle<\/strong>,<\/li>\n\n\n\n<li><strong>lave-linge<\/strong>,<\/li>\n\n\n\n<li><strong>cafeti\u00e8re Senseo<\/strong>,<\/li>\n\n\n\n<li><strong>bouilloire<\/strong>,<\/li>\n\n\n\n<li><strong>grille-pain<\/strong>,<\/li>\n\n\n\n<li>vaisselle et <strong>ustensiles de cuisine complets<\/strong>.<\/li>\n<\/ul>\n\n\n\n<p>Un <strong>coin salon \/ salle \u00e0 manger<\/strong> agr\u00e9able, \u00e9quip\u00e9 d\u2019un <strong>canap\u00e9 convertible<\/strong> et d\u2019un <strong>\u00e9cran plat<\/strong>, id\u00e9al pour les moments de d\u00e9tente.<\/p>\n\n\n\n<p>&#x1f449; <strong>Acc\u00e8s Wi-Fi gratuit<\/strong>.<\/p>\n\n\n\n<h3 class=\"wp-block-heading\">\u00c0 l\u2019\u00e9tage<\/h3>\n\n\n\n<ul class=\"wp-block-list\">\n<li>Une <strong>chambre confortable<\/strong> avec un <strong>lit king size (180 x 200 cm)<\/strong>, un <strong>\u00e9cran plat<\/strong> et une <strong>coiffeuse<\/strong>.<\/li>\n\n\n\n<li>Une <strong>salle de bain<\/strong> avec <strong>douche<\/strong> et <strong>WC<\/strong>.<\/li>\n<\/ul>\n\n\n\n<h3 class=\"wp-block-heading\">\u00c0 l\u2019ext\u00e9rieur<\/h3>\n\n\n\n<ul class=\"wp-block-list\">\n<li>Un <strong>jardin privatif<\/strong> avec <strong>mobilier de jardin<\/strong>,<\/li>\n\n\n\n<li>Un <strong>terrain de p\u00e9tanque<\/strong> et une <strong>table de ping-pong<\/strong>, communs aux <strong>4 g\u00eetes<\/strong>,<\/li>\n\n\n\n<li>Un <strong>barbecue commun<\/strong> situ\u00e9 \u00e0 proximit\u00e9 du terrain de p\u00e9tanque,<\/li>\n\n\n\n<li>Une <strong>place de parking privative<\/strong>, avec <strong>vid\u00e9osurveillance<\/strong>.<\/li>\n<\/ul>\n\n\n\n<p class=\"has-text-align-center\">&#x1f539; <strong>G\u00eete non-fumeur<\/strong>.<\/p>\n\n\n\n<p><\/p>\n","protected":false},"excerpt":{"rendered":"<p>Le g\u00eete La Roz\u2019e peut accueillir 2 \u00e0 4 personnes et se compose de la mani\u00e8re suivante : Au rez-de-chauss\u00e9e Une cuisine enti\u00e8rement \u00e9quip\u00e9e, comprenant : Un coin salon \/ salle \u00e0 manger agr\u00e9able, \u00e9quip\u00e9 d\u2019un canap\u00e9 convertible et d\u2019un \u00e9cran plat, id\u00e9al pour les moments de d\u00e9tente. &#x1f449; Acc\u00e8s Wi-Fi gratuit. \u00c0 l\u2019\u00e9tage \u00c0 [&hellip;]<\/p>\n","protected":false},"author":1,"featured_media":0,"parent":0,"menu_order":0,"comment_status":"closed","ping_status":"closed","template":"","meta":{"ngg_post_thumbnail":0,"footnotes":""},"class_list":["post-561","page","type-page","status-publish","hentry"],"_links":{"self":[{"href":"https:\/\/lesbullesdelabaie.com\/laroze\/wp-json\/wp\/v2\/pages\/561","targetHints":{"allow":["GET"]}}],"collection":[{"href":"https:\/\/lesbullesdelabaie.com\/laroze\/wp-json\/wp\/v2\/pages"}],"about":[{"href":"https:\/\/lesbullesdelabaie.com\/laroze\/wp-json\/wp\/v2\/types\/page"}],"author":[{"embeddable":true,"href":"https:\/\/lesbullesdelabaie.com\/laroze\/wp-json\/wp\/v2\/users\/1"}],"replies":[{"embeddable":true,"href":"https:\/\/lesbullesdelabaie.com\/laroze\/wp-json\/wp\/v2\/comments?post=561"}],"version-history":[{"count":5,"href":"https:\/\/lesbullesdelabaie.com\/laroze\/wp-json\/wp\/v2\/pages\/561\/revisions"}],"predecessor-version":[{"id":856,"href":"https:\/\/lesbullesdelabaie.com\/laroze\/wp-json\/wp\/v2\/pages\/561\/revisions\/856"}],"wp:attachment":[{"href":"https:\/\/lesbullesdelabaie.com\/laroze\/wp-json\/wp\/v2\/media?parent=561"}],"curies":[{"name":"wp","href":"https:\/\/api.w.org\/{rel}","templated":true}]}}