{"id":552,"date":"2020-10-28T12:01:09","date_gmt":"2020-10-28T11:01:09","guid":{"rendered":"http:\/\/lesbullesdelabaie.com\/belvedaire\/?page_id=552"},"modified":"2025-10-08T14:44:38","modified_gmt":"2025-10-08T13:44:38","slug":"tarifs-et-disponibilites-lebelvedaire","status":"publish","type":"page","link":"https:\/\/lesbullesdelabaie.com\/saintrevert\/tarifs-et-disponibilites-lebelvedaire\/","title":{"rendered":"Tarifs"},"content":{"rendered":"\n<p>Location de 2 nuits minimum.<\/p>\n\n\n\n<figure class=\"wp-block-table\"><table><tbody><tr><td class=\"has-text-align-center\" data-align=\"center\"><strong><u><span style=\"text-decoration: underline;\">Nuit\u00e9e pour 2 personnes<\/span><\/u><\/strong><\/td><td class=\"has-text-align-center\" data-align=\"center\">170\u20ac (soit 340\u20ac les 2 nuits)<\/td><\/tr><tr><td class=\"has-text-align-center\" data-align=\"center\"><strong style=\"font-weight: bold; text-decoration-line: underline;\">Personnes suppl\u00e9mentaires<\/strong><\/td><td class=\"has-text-align-center\" data-align=\"center\">10\u20ac\/pers\/nuit<\/td><\/tr><tr><td class=\"has-text-align-center\" data-align=\"center\"><strong><span style=\"text-decoration: underline;\">Nouvel-an \/ St Valentin<\/span><\/strong><\/td><td class=\"has-text-align-center\" data-align=\"center\">200\u20ac\/nuit<\/td><\/tr><\/tbody><\/table><\/figure>\n\n\n\n<p>Les taxes de s\u00e9jours sont \u00e0 ajouter par nuit et par adulte (gratuit pour les enfants) : 1,43 \u20ac<\/p>\n\n\n\n<p><strong><u>Options<\/u><\/strong><\/p>\n\n\n\n<ul class=\"wp-block-list\"><li>Forfait m\u00e9nage\u00a0: 50 \u20ac<\/li><li>Bouteille de champagne dans un seau \u00e0 glace \u00e0 l\u2019arriv\u00e9e\u00a0: 35 \u20ac<\/li><\/ul>\n\n\n\n<p><strong><u>R\u00e9servation<\/u><\/strong><\/p>\n\n\n\n<p>La r\u00e9servation se fait soit par t\u00e9l\u00e9phone au&nbsp;<strong><a href=\"tel:0649801857\">06.49.80.18.57<\/a><\/strong>&nbsp;soit par mail \u00e0 l\u2019adresse suivante&nbsp;:&nbsp;<a href=\"mailto:lesbullesdelabaie@gmail.com\">lesbullesdelabaie@gmail.com<\/a><\/p>\n\n\n\n<p>B\u00e9atrice se fera un plaisir de vous r\u00e9pondre.<\/p>\n\n\n\n<p><strong><u>Moyens de paiement<\/u><\/strong><\/p>\n\n\n\n<ul class=\"wp-block-list\"><li>En esp\u00e8ces<\/li><li>Par virement (ce dernier doit \u00eatre effectu\u00e9 au moins 4 jours avant l\u2019arriv\u00e9e)<\/li><li>CB non accept\u00e9e<\/li><li><strong>Acompte de 30% lors de la r\u00e9servation<\/strong>, le solde sur place. (4 jours avant pour les virements)<\/li><li><strong>Caution de 500 \u20ac non encaiss\u00e9e<\/strong>, au prorata si d\u00e9gradations<\/li><\/ul>\n\n\n\n<p><strong><u>Modalit\u00e9s d\u2019annulation<\/u><\/strong><\/p>\n\n\n\n<p>Les r\u00e9servations annul\u00e9es au moins 30 jours avant le d\u00e9but du s\u00e9jour pourront \u00eatre rembours\u00e9es \u00e0 hauteur de 100%.<br><br>Les r\u00e9servations annul\u00e9es au moins 15 jours avant le d\u00e9but du s\u00e9jour pourront \u00eatre rembours\u00e9es \u00e0 hauteur de 50%.<br><br>Les r\u00e9servations annul\u00e9es 7 jours avant le d\u00e9but du s\u00e9jour ne seront pas<br>remboursables.<\/p>\n","protected":false},"excerpt":{"rendered":"<p>Location de 2 nuits minimum. Nuit\u00e9e pour 2 personnes 170\u20ac (soit 340\u20ac les 2 nuits) Personnes suppl\u00e9mentaires 10\u20ac\/pers\/nuit Nouvel-an \/ St Valentin 200\u20ac\/nuit Les taxes de s\u00e9jours sont \u00e0 ajouter par nuit et par adulte (gratuit pour les enfants) : 1,43 \u20ac Options Forfait m\u00e9nage\u00a0: 50 \u20ac Bouteille de champagne dans un seau \u00e0 glace [&hellip;]<\/p>\n","protected":false},"author":1,"featured_media":0,"parent":0,"menu_order":0,"comment_status":"closed","ping_status":"closed","template":"","meta":{"ngg_post_thumbnail":0,"footnotes":""},"class_list":["post-552","page","type-page","status-publish","hentry"],"_links":{"self":[{"href":"https:\/\/lesbullesdelabaie.com\/saintrevert\/wp-json\/wp\/v2\/pages\/552","targetHints":{"allow":["GET"]}}],"collection":[{"href":"https:\/\/lesbullesdelabaie.com\/saintrevert\/wp-json\/wp\/v2\/pages"}],"about":[{"href":"https:\/\/lesbullesdelabaie.com\/saintrevert\/wp-json\/wp\/v2\/types\/page"}],"author":[{"embeddable":true,"href":"https:\/\/lesbullesdelabaie.com\/saintrevert\/wp-json\/wp\/v2\/users\/1"}],"replies":[{"embeddable":true,"href":"https:\/\/lesbullesdelabaie.com\/saintrevert\/wp-json\/wp\/v2\/comments?post=552"}],"version-history":[{"count":15,"href":"https:\/\/lesbullesdelabaie.com\/saintrevert\/wp-json\/wp\/v2\/pages\/552\/revisions"}],"predecessor-version":[{"id":954,"href":"https:\/\/lesbullesdelabaie.com\/saintrevert\/wp-json\/wp\/v2\/pages\/552\/revisions\/954"}],"wp:attachment":[{"href":"https:\/\/lesbullesdelabaie.com\/saintrevert\/wp-json\/wp\/v2\/media?parent=552"}],"curies":[{"name":"wp","href":"https:\/\/api.w.org\/{rel}","templated":true}]}}